{"id":346,"date":"2017-12-18T13:39:12","date_gmt":"2017-12-18T17:39:12","guid":{"rendered":"http:\/\/ayuntamientodeazua.gob.do\/transparencia\/?page_id=346"},"modified":"2024-08-21T12:30:11","modified_gmt":"2024-08-21T16:30:11","slug":"responsable-de-acceso-a-la-informacion","status":"publish","type":"page","link":"https:\/\/ayuntamientoazua.gob.do\/transparencia\/responsable-de-acceso-a-la-informacion\/","title":{"rendered":"Responsable de Acceso a la Informaci\u00f3n"},"content":{"rendered":"\n<figure class=\"wp-block-gallery has-nested-images columns-default is-cropped\">\n<figure class=\"wp-block-image size-large\"><img loading=\"lazy\" width=\"700\" height=\"933\" data-id=\"2359\"  src=\"https:\/\/ayuntamientoazua.gob.do\/transparencia\/wp-content\/uploads\/2023\/08\/15e6a522-222c-4a9b-a4a9-cd14ba5d3c42-4-700x933.jpg\" alt=\"\" class=\"wp-image-2359\" srcset=\"https:\/\/ayuntamientoazua.gob.do\/transparencia\/wp-content\/uploads\/2023\/08\/15e6a522-222c-4a9b-a4a9-cd14ba5d3c42-4-700x933.jpg 700w, https:\/\/ayuntamientoazua.gob.do\/transparencia\/wp-content\/uploads\/2023\/08\/15e6a522-222c-4a9b-a4a9-cd14ba5d3c42-4-250x333.jpg 250w, https:\/\/ayuntamientoazua.gob.do\/transparencia\/wp-content\/uploads\/2023\/08\/15e6a522-222c-4a9b-a4a9-cd14ba5d3c42-4-768x1024.jpg 768w, https:\/\/ayuntamientoazua.gob.do\/transparencia\/wp-content\/uploads\/2023\/08\/15e6a522-222c-4a9b-a4a9-cd14ba5d3c42-4-1152x1536.jpg 1152w, https:\/\/ayuntamientoazua.gob.do\/transparencia\/wp-content\/uploads\/2023\/08\/15e6a522-222c-4a9b-a4a9-cd14ba5d3c42-4-120x160.jpg 120w, https:\/\/ayuntamientoazua.gob.do\/transparencia\/wp-content\/uploads\/2023\/08\/15e6a522-222c-4a9b-a4a9-cd14ba5d3c42-4.jpg 1200w\" sizes=\"(max-width: 700px) 100vw, 700px\" \/><\/figure>\n\n\n\n<figure class=\"wp-block-image size-large\"><img loading=\"lazy\" width=\"700\" height=\"933\" data-id=\"2360\"  src=\"https:\/\/ayuntamientoazua.gob.do\/transparencia\/wp-content\/uploads\/2023\/08\/15e6a522-222c-4a9b-a4a9-cd14ba5d3c42-5-700x933.jpg\" alt=\"\" class=\"wp-image-2360\" srcset=\"https:\/\/ayuntamientoazua.gob.do\/transparencia\/wp-content\/uploads\/2023\/08\/15e6a522-222c-4a9b-a4a9-cd14ba5d3c42-5-700x933.jpg 700w, https:\/\/ayuntamientoazua.gob.do\/transparencia\/wp-content\/uploads\/2023\/08\/15e6a522-222c-4a9b-a4a9-cd14ba5d3c42-5-250x333.jpg 250w, https:\/\/ayuntamientoazua.gob.do\/transparencia\/wp-content\/uploads\/2023\/08\/15e6a522-222c-4a9b-a4a9-cd14ba5d3c42-5-768x1024.jpg 768w, https:\/\/ayuntamientoazua.gob.do\/transparencia\/wp-content\/uploads\/2023\/08\/15e6a522-222c-4a9b-a4a9-cd14ba5d3c42-5-1152x1536.jpg 1152w, https:\/\/ayuntamientoazua.gob.do\/transparencia\/wp-content\/uploads\/2023\/08\/15e6a522-222c-4a9b-a4a9-cd14ba5d3c42-5-120x160.jpg 120w, https:\/\/ayuntamientoazua.gob.do\/transparencia\/wp-content\/uploads\/2023\/08\/15e6a522-222c-4a9b-a4a9-cd14ba5d3c42-5.jpg 1200w\" sizes=\"(max-width: 700px) 100vw, 700px\" \/><\/figure>\n\n\n\n<figure class=\"wp-block-image size-large\"><img loading=\"lazy\" width=\"700\" height=\"933\" data-id=\"2357\"  src=\"https:\/\/ayuntamientoazua.gob.do\/transparencia\/wp-content\/uploads\/2023\/08\/15e6a522-222c-4a9b-a4a9-cd14ba5d3c42-2-700x933.jpg\" alt=\"\" class=\"wp-image-2357\" srcset=\"https:\/\/ayuntamientoazua.gob.do\/transparencia\/wp-content\/uploads\/2023\/08\/15e6a522-222c-4a9b-a4a9-cd14ba5d3c42-2-700x933.jpg 700w, https:\/\/ayuntamientoazua.gob.do\/transparencia\/wp-content\/uploads\/2023\/08\/15e6a522-222c-4a9b-a4a9-cd14ba5d3c42-2-250x333.jpg 250w, https:\/\/ayuntamientoazua.gob.do\/transparencia\/wp-content\/uploads\/2023\/08\/15e6a522-222c-4a9b-a4a9-cd14ba5d3c42-2-768x1024.jpg 768w, https:\/\/ayuntamientoazua.gob.do\/transparencia\/wp-content\/uploads\/2023\/08\/15e6a522-222c-4a9b-a4a9-cd14ba5d3c42-2-1152x1536.jpg 1152w, https:\/\/ayuntamientoazua.gob.do\/transparencia\/wp-content\/uploads\/2023\/08\/15e6a522-222c-4a9b-a4a9-cd14ba5d3c42-2-120x160.jpg 120w, https:\/\/ayuntamientoazua.gob.do\/transparencia\/wp-content\/uploads\/2023\/08\/15e6a522-222c-4a9b-a4a9-cd14ba5d3c42-2.jpg 1200w\" sizes=\"(max-width: 700px) 100vw, 700px\" \/><\/figure>\n<figcaption class=\"blocks-gallery-caption\">RAI AMA<\/figcaption><\/figure>\n\n\n<blockquote>\n<p><strong>Responsable de Acceso a la Informaci\u00f3n<\/strong><\/p>\n<\/blockquote>\n<p>Sra. Yadira Ram\u00edrez<\/p>\n<p>Direcci\u00f3n: C\/ las carreras No 167, Azua de Compostela, Rep\u00fablica Dominicana<\/p>\n<p>Celular: 829-881-9817<\/p>\n<p>E-mail: oaim@ayuntamientodeazua.gob.do\u00a0<\/p>\n<p><strong>\u00a0<\/strong><\/p>\n\n\n<figure class=\"wp-block-gallery has-nested-images columns-default is-cropped\"><\/figure>\n","protected":false},"excerpt":{"rendered":"Responsable de Acceso a la Informaci\u00f3n Sra. Yadira Ram\u00edrez Direcci\u00f3n: C\/ las carreras No 167, Azua de Compostela, Rep\u00fablica Dominicana Celular: 829-881-9817 E-mail: oaim@ayuntamientodeazua.gob.do\u00a0 \u00a0","protected":false},"author":4,"featured_media":0,"parent":0,"menu_order":0,"comment_status":"closed","ping_status":"closed","template":"","meta":[],"_links":{"self":[{"href":"https:\/\/ayuntamientoazua.gob.do\/transparencia\/wp-json\/wp\/v2\/pages\/346"}],"collection":[{"href":"https:\/\/ayuntamientoazua.gob.do\/transparencia\/wp-json\/wp\/v2\/pages"}],"about":[{"href":"https:\/\/ayuntamientoazua.gob.do\/transparencia\/wp-json\/wp\/v2\/types\/page"}],"author":[{"embeddable":true,"href":"https:\/\/ayuntamientoazua.gob.do\/transparencia\/wp-json\/wp\/v2\/users\/4"}],"replies":[{"embeddable":true,"href":"https:\/\/ayuntamientoazua.gob.do\/transparencia\/wp-json\/wp\/v2\/comments?post=346"}],"version-history":[{"count":13,"href":"https:\/\/ayuntamientoazua.gob.do\/transparencia\/wp-json\/wp\/v2\/pages\/346\/revisions"}],"predecessor-version":[{"id":2845,"href":"https:\/\/ayuntamientoazua.gob.do\/transparencia\/wp-json\/wp\/v2\/pages\/346\/revisions\/2845"}],"wp:attachment":[{"href":"https:\/\/ayuntamientoazua.gob.do\/transparencia\/wp-json\/wp\/v2\/media?parent=346"}],"curies":[{"name":"wp","href":"https:\/\/api.w.org\/{rel}","templated":true}]}}